{"id":1895,"date":"2022-02-14T15:11:06","date_gmt":"2022-02-14T15:11:06","guid":{"rendered":"https:\/\/arteharmonia.com\/arte\/?page_id=1895"},"modified":"2022-02-14T15:12:49","modified_gmt":"2022-02-14T15:12:49","slug":"refund_returns","status":"publish","type":"page","link":"https:\/\/arteharmonia.com\/arte\/refund_returns\/","title":{"rendered":"Pol\u00edtica de reembolso e devolu\u00e7\u00f5es"},"content":{"rendered":"\n<p>O prazo para reembolso e devolu\u00e7\u00f5es s\u00e3o 30 dias. Se passaram 30 dias desde a sua compra, n\u00e3o podemos oferecer um reembolso total ou troca.<\/p>\n\n\n\n<p>Para ser eleg\u00edvel para uma devolu\u00e7\u00e3o, o seu item deve estar nas mesmas condi\u00e7\u00f5es em que o recebeu.<\/p>\n\n\n\n<p>Quando o item n\u00e3o est\u00e1 na sua condi\u00e7\u00e3o original ou danificado por motivos que n\u00e3o sejam devidos a nosso erro, apenas reembolsos parciais s\u00e3o concedidos.<\/p>\n\n\n\n<p>Os produtos digitais n\u00e3o s\u00e3o eleg\u00edveis para devolu\u00e7\u00e3o ou troca.<\/p>\n\n\n\n<p> <\/p>\n\n\n\n<p><h2>Reembolsos<\/h2>Assim que sua devolu\u00e7\u00e3o for recebida e inspecionada, enviaremos um email para notific\u00e1-lo de que recebemos seu item devolvido. Tamb\u00e9m notificaremos sobre a aprova\u00e7\u00e3o ou rejei\u00e7\u00e3o do seu reembolso.<\/p>\n\n\n\n<p>Se for aprovado, seu reembolso ser\u00e1 processado e um cr\u00e9dito ser\u00e1 aplicado automaticamente ao seu cart\u00e3o de cr\u00e9dito ou m\u00e9todo de pagamento original, dentro de um determinado per\u00edodo de dias.<\/p>\n\n\n\n<p>Apenas itens com pre\u00e7o normal podem ser reembolsados. Os itens em promo\u00e7\u00e3o n\u00e3o podem ser reembolsados.<\/p>\n\n\n\n<p>Se ainda n\u00e3o recebeu um reembolso, primeiro verifique sua conta banc\u00e1ria novamente.<\/p>\n\n\n\n<p>Entre em contato com a operadora do seu cart\u00e3o de cr\u00e9dito, pode levar algum tempo at\u00e9 que seu reembolso seja lan\u00e7ado oficialmente.<\/p>\n\n\n\n<p>Em seguida, entre em contato com seu banco. Muitas vezes, h\u00e1 algum tempo de processamento antes da postagem de um reembolso.<\/p>\n\n\n\n<p>Se fez tudo isso e ainda n\u00e3o recebeu seu reembolso, entre em contato conosco em {email address}.<\/p>\n\n\n\n<p> <\/p>\n\n\n\n<p><h2>Trocas<\/h2>Antes de devolver ou trocar o seu produto telefone ou envie um {email address}, depois do nosso contacto pode enviar seu produto para: {endere\u00e7o f\u00edsico}.<\/p>\n\n\n\n<p>S\u00f3 substitu\u00edmos itens se estiverem com defeito ou danificados. <\/p>\n\n\n\n<p>Os custos de envio para devolver seu item ser\u00e3o ser\u00e3o da sua responsabilidade. Os custos de envio n\u00e3o s\u00e3o reembols\u00e1veis. Se receber um reembolso, o custo do frete de devolu\u00e7\u00e3o ser\u00e1 deduzido do seu reembolso.<\/p>\n\n\n\n<p>Dependendo de onde mora, o tempo que pode levar para o produto trocado chegar at\u00e9 voc\u00ea pode variar.<\/p>\n\n\n\n<p>Se estiver devolvendo itens mais caros, considere usar um servi\u00e7o de frete rastre\u00e1vel ou adquirir um seguro de frete. N\u00e3o garantimos que receberemos o item devolvido.<\/p>\n\n\n\n<p> <\/p>\n\n\n\n<p><h2>Precisa de ajuda?<\/h2>Contacte-nos {email} .<\/p>\n","protected":false},"excerpt":{"rendered":"<p>O prazo para reembolso e devolu\u00e7\u00f5es s\u00e3o 30 dias. Se passaram 30 dias desde a sua compra, n\u00e3o podemos oferecer&hellip;<\/p>\n","protected":false},"author":1,"featured_media":0,"parent":0,"menu_order":0,"comment_status":"closed","ping_status":"closed","template":"","meta":{"footnotes":""},"class_list":["post-1895","page","type-page","status-publish","hentry"],"_links":{"self":[{"href":"https:\/\/arteharmonia.com\/arte\/wp-json\/wp\/v2\/pages\/1895","targetHints":{"allow":["GET"]}}],"collection":[{"href":"https:\/\/arteharmonia.com\/arte\/wp-json\/wp\/v2\/pages"}],"about":[{"href":"https:\/\/arteharmonia.com\/arte\/wp-json\/wp\/v2\/types\/page"}],"author":[{"embeddable":true,"href":"https:\/\/arteharmonia.com\/arte\/wp-json\/wp\/v2\/users\/1"}],"replies":[{"embeddable":true,"href":"https:\/\/arteharmonia.com\/arte\/wp-json\/wp\/v2\/comments?post=1895"}],"version-history":[{"count":3,"href":"https:\/\/arteharmonia.com\/arte\/wp-json\/wp\/v2\/pages\/1895\/revisions"}],"predecessor-version":[{"id":1967,"href":"https:\/\/arteharmonia.com\/arte\/wp-json\/wp\/v2\/pages\/1895\/revisions\/1967"}],"wp:attachment":[{"href":"https:\/\/arteharmonia.com\/arte\/wp-json\/wp\/v2\/media?parent=1895"}],"curies":[{"name":"wp","href":"https:\/\/api.w.org\/{rel}","templated":true}]}}