{"id":3,"date":"2020-07-05T11:32:48","date_gmt":"2020-07-05T11:32:48","guid":{"rendered":"https:\/\/arteharmonia.com\/arte\/?page_id=3"},"modified":"2020-07-17T12:32:55","modified_gmt":"2020-07-17T11:32:55","slug":"privacy-policy","status":"publish","type":"page","link":"https:\/\/arteharmonia.com\/arte\/privacy-policy\/","title":{"rendered":"Pol\u00edtica de Privacidade"},"content":{"rendered":"\t\t<div data-elementor-type=\"wp-page\" data-elementor-id=\"3\" class=\"elementor elementor-3\">\n\t\t\t\t\t\t<section class=\"elementor-section elementor-top-section elementor-element elementor-element-527b3bd7 elementor-section-boxed elementor-section-height-default elementor-section-height-default\" data-id=\"527b3bd7\" data-element_type=\"section\" data-e-type=\"section\">\n\t\t\t\t\t\t<div class=\"elementor-container elementor-column-gap-default\">\n\t\t\t\t\t<div class=\"elementor-column elementor-col-100 elementor-top-column elementor-element elementor-element-1562f78d\" data-id=\"1562f78d\" data-element_type=\"column\" data-e-type=\"column\">\n\t\t\t<div class=\"elementor-widget-wrap elementor-element-populated\">\n\t\t\t\t\t\t<div class=\"elementor-element elementor-element-2a4ee79a elementor-widget elementor-widget-text-editor\" data-id=\"2a4ee79a\" data-element_type=\"widget\" data-e-type=\"widget\" data-widget_type=\"text-editor.default\">\n\t\t\t\t<div class=\"elementor-widget-container\">\n\t\t\t\t\t\t\t\t\t<p>\u00a0<\/p>\n<p><\/p>\n<p><b>Carlos Albarran<\/b>, respons\u00e1vel pelo site <strong>https:\/\/arteharmonia.com\/arte<\/strong> compromete-se a respeitar a privacidade dos seus visitantes, garantindo o sigilo e prote\u00e7\u00e3o dos dados registados.<br \/><br \/><\/p>\n<p><\/p>\n<h2 class=\"wp-block-heading\">Que informa\u00e7\u00f5es recolhemos<\/h2>\n<p><\/p>\n<p>Apenas recolhemos os dados que os utilizadores inserem nos formul\u00e1rios deste site.<\/p>\n<p><\/p>\n<p>Os seus dados pessoais ser\u00e3o utilizados para melhorar a sua experi\u00eancia por toda a loja, para gerir o acesso \u00e0 sua conta e para os prop\u00f3sitos aqui descritos.<\/p>\n<p><\/p>\n<p>Os seus dados n\u00e3o s\u00e3o disponibilizados a terceiros.<\/p>\n<p><\/p>\n<p>Para os usu\u00e1rios que se registam no nosso site, tamb\u00e9m armazenamos as informa\u00e7\u00f5es pessoais que fornecem no seu perfil. Todos os usu\u00e1rios podem ver, editar ou excluir suas informa\u00e7\u00f5es pessoais a qualquer momento (exceto alterar seu nome de usu\u00e1rio). <br \/>Os administradores do site tamb\u00e9m podem ver e editar essas informa\u00e7\u00f5es.<br \/><br \/><\/p>\n<p><\/p>\n<h2 class=\"wp-block-heading\">Cookies<\/h2>\n<p><\/p>\n<p>Quando faz login, tamb\u00e9m configuraremos v\u00e1rios cookies para salvar suas informa\u00e7\u00f5es de login e suas op\u00e7\u00f5es de exibi\u00e7\u00e3o na tela. Os cookies de login duram dois dias e os cookies de op\u00e7\u00f5es de tela duram um ano. Se selecionar &#8220;Lembrar de mim&#8221;, seu login persistir\u00e1 por duas semanas. Se sair da sua conta, os cookies de login ser\u00e3o removidos.<br \/><br \/><\/p>\n<p><\/p>\n<h2 class=\"wp-block-heading\">Quais direitos tem sobre seus dados<\/h2>\n<p><\/p>\n<p>Se possui uma conta neste site, pode solicitar um arquivo com os seus dados, tamb\u00e9m pode solicitar que apagemos todos os seus dados pessoais, excepto os dados que somos obrigados a manter para fins administrativos, legais ou de seguran\u00e7a.<\/p>\n<p><\/p>\n<p>\u00a0<\/p>\t\t\t\t\t\t\t\t<\/div>\n\t\t\t\t<\/div>\n\t\t\t\t\t<\/div>\n\t\t<\/div>\n\t\t\t\t\t<\/div>\n\t\t<\/section>\n\t\t\t\t<\/div>\n\t\t","protected":false},"excerpt":{"rendered":"<p>\u00a0 Carlos Albarran, respons\u00e1vel pelo site https:\/\/arteharmonia.com\/arte compromete-se a respeitar a privacidade dos seus visitantes, garantindo o sigilo e prote\u00e7\u00e3o&hellip;<\/p>\n","protected":false},"author":1,"featured_media":0,"parent":0,"menu_order":0,"comment_status":"closed","ping_status":"open","template":"","meta":{"footnotes":""},"class_list":["post-3","page","type-page","status-publish","hentry"],"_links":{"self":[{"href":"https:\/\/arteharmonia.com\/arte\/wp-json\/wp\/v2\/pages\/3","targetHints":{"allow":["GET"]}}],"collection":[{"href":"https:\/\/arteharmonia.com\/arte\/wp-json\/wp\/v2\/pages"}],"about":[{"href":"https:\/\/arteharmonia.com\/arte\/wp-json\/wp\/v2\/types\/page"}],"author":[{"embeddable":true,"href":"https:\/\/arteharmonia.com\/arte\/wp-json\/wp\/v2\/users\/1"}],"replies":[{"embeddable":true,"href":"https:\/\/arteharmonia.com\/arte\/wp-json\/wp\/v2\/comments?post=3"}],"version-history":[{"count":8,"href":"https:\/\/arteharmonia.com\/arte\/wp-json\/wp\/v2\/pages\/3\/revisions"}],"predecessor-version":[{"id":1449,"href":"https:\/\/arteharmonia.com\/arte\/wp-json\/wp\/v2\/pages\/3\/revisions\/1449"}],"wp:attachment":[{"href":"https:\/\/arteharmonia.com\/arte\/wp-json\/wp\/v2\/media?parent=3"}],"curies":[{"name":"wp","href":"https:\/\/api.w.org\/{rel}","templated":true}]}}