{"id":1052,"date":"2020-07-07T11:40:03","date_gmt":"2020-07-07T10:40:03","guid":{"rendered":"https:\/\/arteharmonia.com\/arte\/produto\/1_69x25_iniciando-jpg\/"},"modified":"2023-07-21T17:46:25","modified_gmt":"2023-07-21T16:46:25","slug":"1_69x25_iniciando","status":"publish","type":"product","link":"https:\/\/arteharmonia.com\/arte\/produto\/1_69x25_iniciando\/","title":{"rendered":"iniciando"},"content":{"rendered":"<p>A ordem c\u00f3smica reorganizando o caos atrav\u00e9s da geometria<\/p>\n<p>As imagens deste tema &#8220;caos-cosmos&#8221; podem exercer uma influ\u00eancia ben\u00e9fica sobre quem as observa, pois estimulam v\u00e1rios componentes do ser a reorganizarem-se segundo uma ordem superior.<\/p>\n","protected":false},"excerpt":{"rendered":"<p>iniciando<br \/>\ntema caos-cosmos<br \/>\nacr\u00edlico sobre contraplacado<br \/>\n69&#215;25,5cm<\/p>\n","protected":false},"featured_media":922,"comment_status":"closed","ping_status":"closed","template":"","meta":[],"product_brand":[],"product_cat":[56],"product_tag":[132,145,130,74,131],"class_list":{"0":"post-1052","1":"product","2":"type-product","3":"status-publish","4":"has-post-thumbnail","6":"product_cat-caos-cosmos","7":"product_tag-caos-cosmos","8":"product_tag-iniciando","9":"product_tag-original","10":"product_tag-pintura","11":"product_tag-quadro","12":"product_shipping_class-originais","14":"first","15":"instock","16":"sold-individually","17":"taxable","18":"shipping-taxable","19":"purchasable","20":"product-type-simple"},"_links":{"self":[{"href":"https:\/\/arteharmonia.com\/arte\/wp-json\/wp\/v2\/product\/1052","targetHints":{"allow":["GET"]}}],"collection":[{"href":"https:\/\/arteharmonia.com\/arte\/wp-json\/wp\/v2\/product"}],"about":[{"href":"https:\/\/arteharmonia.com\/arte\/wp-json\/wp\/v2\/types\/product"}],"replies":[{"embeddable":true,"href":"https:\/\/arteharmonia.com\/arte\/wp-json\/wp\/v2\/comments?post=1052"}],"version-history":[{"count":2,"href":"https:\/\/arteharmonia.com\/arte\/wp-json\/wp\/v2\/product\/1052\/revisions"}],"predecessor-version":[{"id":1927,"href":"https:\/\/arteharmonia.com\/arte\/wp-json\/wp\/v2\/product\/1052\/revisions\/1927"}],"wp:featuredmedia":[{"embeddable":true,"href":"https:\/\/arteharmonia.com\/arte\/wp-json\/wp\/v2\/media\/922"}],"wp:attachment":[{"href":"https:\/\/arteharmonia.com\/arte\/wp-json\/wp\/v2\/media?parent=1052"}],"wp:term":[{"taxonomy":"product_brand","embeddable":true,"href":"https:\/\/arteharmonia.com\/arte\/wp-json\/wp\/v2\/product_brand?post=1052"},{"taxonomy":"product_cat","embeddable":true,"href":"https:\/\/arteharmonia.com\/arte\/wp-json\/wp\/v2\/product_cat?post=1052"},{"taxonomy":"product_tag","embeddable":true,"href":"https:\/\/arteharmonia.com\/arte\/wp-json\/wp\/v2\/product_tag?post=1052"}],"curies":[{"name":"wp","href":"https:\/\/api.w.org\/{rel}","templated":true}]}}