{"id":1053,"date":"2020-07-07T11:40:04","date_gmt":"2020-07-07T10:40:04","guid":{"rendered":"https:\/\/arteharmonia.com\/arte\/produto\/1e_60x60_expandindo-jpg\/"},"modified":"2023-06-13T17:17:50","modified_gmt":"2023-06-13T16:17:50","slug":"1e_60x60_expandindo","status":"publish","type":"product","link":"https:\/\/arteharmonia.com\/arte\/produto\/1e_60x60_expandindo\/","title":{"rendered":"expandindo"},"content":{"rendered":"<p>A ordem c\u00f3smica reorganizando o caos atrav\u00e9s da geometria<\/p>\n<p>As imagens deste tema &#8220;caos-cosmos&#8221; podem exercer uma influ\u00eancia ben\u00e9fica sobre quem as observa, pois estimulam v\u00e1rios componentes do ser a reorganizarem-se segundo uma ordem superior.<\/p>\n<p>Os quadros originais est\u00e3o impregnados dessa inten\u00e7\u00e3o e os seus nomes est\u00e3o baseados no conhecimento numerol\u00f3gico<\/p>\n","protected":false},"excerpt":{"rendered":"<p>expandindo<br \/>\ntema caos-cosmos<br \/>\nacr\u00edlico sobre platex<br \/>\n60x60cm<br \/>\noriginal indispon\u00edvel<br \/>\ndigital 2222px 150dpi<\/p>\n","protected":false},"featured_media":920,"comment_status":"closed","ping_status":"closed","template":"","meta":[],"product_brand":[],"product_cat":[56],"product_tag":[132,143,130,74,131],"class_list":{"0":"post-1053","1":"product","2":"type-product","3":"status-publish","4":"has-post-thumbnail","6":"product_cat-caos-cosmos","7":"product_tag-caos-cosmos","8":"product_tag-expandindo","9":"product_tag-original","10":"product_tag-pintura","11":"product_tag-quadro","12":"product_shipping_class-originais","14":"first","15":"instock","16":"sold-individually","17":"taxable","18":"shipping-taxable","19":"purchasable","20":"product-type-simple"},"_links":{"self":[{"href":"https:\/\/arteharmonia.com\/arte\/wp-json\/wp\/v2\/product\/1053","targetHints":{"allow":["GET"]}}],"collection":[{"href":"https:\/\/arteharmonia.com\/arte\/wp-json\/wp\/v2\/product"}],"about":[{"href":"https:\/\/arteharmonia.com\/arte\/wp-json\/wp\/v2\/types\/product"}],"replies":[{"embeddable":true,"href":"https:\/\/arteharmonia.com\/arte\/wp-json\/wp\/v2\/comments?post=1053"}],"version-history":[{"count":5,"href":"https:\/\/arteharmonia.com\/arte\/wp-json\/wp\/v2\/product\/1053\/revisions"}],"predecessor-version":[{"id":2011,"href":"https:\/\/arteharmonia.com\/arte\/wp-json\/wp\/v2\/product\/1053\/revisions\/2011"}],"wp:featuredmedia":[{"embeddable":true,"href":"https:\/\/arteharmonia.com\/arte\/wp-json\/wp\/v2\/media\/920"}],"wp:attachment":[{"href":"https:\/\/arteharmonia.com\/arte\/wp-json\/wp\/v2\/media?parent=1053"}],"wp:term":[{"taxonomy":"product_brand","embeddable":true,"href":"https:\/\/arteharmonia.com\/arte\/wp-json\/wp\/v2\/product_brand?post=1053"},{"taxonomy":"product_cat","embeddable":true,"href":"https:\/\/arteharmonia.com\/arte\/wp-json\/wp\/v2\/product_cat?post=1053"},{"taxonomy":"product_tag","embeddable":true,"href":"https:\/\/arteharmonia.com\/arte\/wp-json\/wp\/v2\/product_tag?post=1053"}],"curies":[{"name":"wp","href":"https:\/\/api.w.org\/{rel}","templated":true}]}}