{"id":1063,"date":"2020-07-07T11:40:09","date_gmt":"2020-07-07T10:40:09","guid":{"rendered":"https:\/\/arteharmonia.com\/arte\/produto\/7_40x30_analizando-jpg\/"},"modified":"2023-07-21T17:47:28","modified_gmt":"2023-07-21T16:47:28","slug":"analizando","status":"publish","type":"product","link":"https:\/\/arteharmonia.com\/arte\/produto\/analizando\/","title":{"rendered":"analizando"},"content":{"rendered":"<p>A ordem c\u00f3smica reorganizando o caos atrav\u00e9s da geometria.<br \/>\nAs imagens deste tema \u201ccaos-cosmos\u201d podem exercer uma influ\u00eancia ben\u00e9fica sobre quem as observa, pois estimulam v\u00e1rios componentes do ser a reorganizarem-se segundo uma ordem superior. Os quadros originais est\u00e3o impregnados dessa inten\u00e7\u00e3o e os seus nomes est\u00e3o baseados no conhecimento numerol\u00f3gico.<\/p>\n<p>Uma obra de arte \u00e9 mais que um objeto, \u00e9, em certa medida, a proje\u00e7\u00e3o da alma do artista, que atravessa v\u00e1rias dimens\u00f5es, para se manifestar, imprimindo significado \u00e0 \u2018mat\u00e9ria\u2019\u2026<\/p>\n","protected":false},"excerpt":{"rendered":"<p>analizando<br \/>\ntema caos-cosmos<br \/>\nacr\u00edlico sobre tela<br \/>\n40x30cm<\/p>\n","protected":false},"featured_media":931,"comment_status":"closed","ping_status":"closed","template":"","meta":[],"product_brand":[],"product_cat":[56],"product_tag":[],"class_list":{"0":"post-1063","1":"product","2":"type-product","3":"status-publish","4":"has-post-thumbnail","6":"product_cat-caos-cosmos","7":"product_shipping_class-originais","9":"first","10":"instock","11":"taxable","12":"shipping-taxable","13":"purchasable","14":"product-type-simple"},"_links":{"self":[{"href":"https:\/\/arteharmonia.com\/arte\/wp-json\/wp\/v2\/product\/1063","targetHints":{"allow":["GET"]}}],"collection":[{"href":"https:\/\/arteharmonia.com\/arte\/wp-json\/wp\/v2\/product"}],"about":[{"href":"https:\/\/arteharmonia.com\/arte\/wp-json\/wp\/v2\/types\/product"}],"replies":[{"embeddable":true,"href":"https:\/\/arteharmonia.com\/arte\/wp-json\/wp\/v2\/comments?post=1063"}],"version-history":[{"count":2,"href":"https:\/\/arteharmonia.com\/arte\/wp-json\/wp\/v2\/product\/1063\/revisions"}],"predecessor-version":[{"id":1913,"href":"https:\/\/arteharmonia.com\/arte\/wp-json\/wp\/v2\/product\/1063\/revisions\/1913"}],"wp:featuredmedia":[{"embeddable":true,"href":"https:\/\/arteharmonia.com\/arte\/wp-json\/wp\/v2\/media\/931"}],"wp:attachment":[{"href":"https:\/\/arteharmonia.com\/arte\/wp-json\/wp\/v2\/media?parent=1063"}],"wp:term":[{"taxonomy":"product_brand","embeddable":true,"href":"https:\/\/arteharmonia.com\/arte\/wp-json\/wp\/v2\/product_brand?post=1063"},{"taxonomy":"product_cat","embeddable":true,"href":"https:\/\/arteharmonia.com\/arte\/wp-json\/wp\/v2\/product_cat?post=1063"},{"taxonomy":"product_tag","embeddable":true,"href":"https:\/\/arteharmonia.com\/arte\/wp-json\/wp\/v2\/product_tag?post=1063"}],"curies":[{"name":"wp","href":"https:\/\/api.w.org\/{rel}","templated":true}]}}