{"id":1065,"date":"2020-07-07T11:40:09","date_gmt":"2020-07-07T10:40:09","guid":{"rendered":"https:\/\/arteharmonia.com\/arte\/produto\/8e_60x60_resolvendo-jpg\/"},"modified":"2021-09-12T15:53:51","modified_gmt":"2021-09-12T14:53:51","slug":"8e_60x60_resolvendo","status":"publish","type":"product","link":"https:\/\/arteharmonia.com\/arte\/produto\/8e_60x60_resolvendo\/","title":{"rendered":"resolvendo"},"content":{"rendered":"<p>A ordem c\u00f3smica reorganizando o caos atrav\u00e9s da geometria<\/p>\n<p>As imagens deste tema \u201ccaos-cosmos\u201d podem exercer uma influ\u00eancia ben\u00e9fica sobre quem as observa, pois estimulam v\u00e1rios componentes do ser a reorganizarem-se segundo uma ordem superior.<\/p>\n","protected":false},"excerpt":{"rendered":"<p>resolvendo<br \/>\ntema caos-cosmos<br \/>\nacr\u00edlico sobre tela<br \/>\n60x60cm<br \/>\noriginal indispon\u00edvel<br \/>\ndigital 3000px 150dpi 1\u20ac<\/p>\n","protected":false},"featured_media":933,"comment_status":"closed","ping_status":"closed","template":"","meta":[],"product_brand":[],"product_cat":[56],"product_tag":[132,130,74,131,82],"class_list":{"0":"post-1065","1":"product","2":"type-product","3":"status-publish","4":"has-post-thumbnail","6":"product_cat-caos-cosmos","7":"product_tag-caos-cosmos","8":"product_tag-original","9":"product_tag-pintura","10":"product_tag-quadro","11":"product_tag-resolvendo","12":"product_shipping_class-originais","14":"first","15":"instock","16":"taxable","17":"shipping-taxable","18":"purchasable","19":"product-type-simple"},"_links":{"self":[{"href":"https:\/\/arteharmonia.com\/arte\/wp-json\/wp\/v2\/product\/1065","targetHints":{"allow":["GET"]}}],"collection":[{"href":"https:\/\/arteharmonia.com\/arte\/wp-json\/wp\/v2\/product"}],"about":[{"href":"https:\/\/arteharmonia.com\/arte\/wp-json\/wp\/v2\/types\/product"}],"replies":[{"embeddable":true,"href":"https:\/\/arteharmonia.com\/arte\/wp-json\/wp\/v2\/comments?post=1065"}],"version-history":[{"count":5,"href":"https:\/\/arteharmonia.com\/arte\/wp-json\/wp\/v2\/product\/1065\/revisions"}],"predecessor-version":[{"id":1929,"href":"https:\/\/arteharmonia.com\/arte\/wp-json\/wp\/v2\/product\/1065\/revisions\/1929"}],"wp:featuredmedia":[{"embeddable":true,"href":"https:\/\/arteharmonia.com\/arte\/wp-json\/wp\/v2\/media\/933"}],"wp:attachment":[{"href":"https:\/\/arteharmonia.com\/arte\/wp-json\/wp\/v2\/media?parent=1065"}],"wp:term":[{"taxonomy":"product_brand","embeddable":true,"href":"https:\/\/arteharmonia.com\/arte\/wp-json\/wp\/v2\/product_brand?post=1065"},{"taxonomy":"product_cat","embeddable":true,"href":"https:\/\/arteharmonia.com\/arte\/wp-json\/wp\/v2\/product_cat?post=1065"},{"taxonomy":"product_tag","embeddable":true,"href":"https:\/\/arteharmonia.com\/arte\/wp-json\/wp\/v2\/product_tag?post=1065"}],"curies":[{"name":"wp","href":"https:\/\/api.w.org\/{rel}","templated":true}]}}