{"id":1100,"date":"2020-07-09T12:19:10","date_gmt":"2020-07-09T11:19:10","guid":{"rendered":"https:\/\/arteharmonia.com\/arte\/?post_type=product&#038;p=1100"},"modified":"2020-07-09T14:44:05","modified_gmt":"2020-07-09T13:44:05","slug":"pureza","status":"publish","type":"product","link":"https:\/\/arteharmonia.com\/arte\/produto\/pureza\/","title":{"rendered":"pureza"},"content":{"rendered":"<p>Cada corpo do ser tem o seu centro coordenador, relativamente independente, mas em liga\u00e7\u00e3o com os outros centros coordenadores, principalmente com os que lhes est\u00e3o diretamente &#8220;acima&#8221; e abaixo&#8221;&#8230;<\/p>\n<p>Reprodu\u00e7\u00f5es assinadas.<\/p>\n","protected":false},"excerpt":{"rendered":"<p>pureza<br \/>\ncentro coordenador do f\u00edsico<br \/>\nimpresso em tela pl\u00e1stica<br \/>\n60x60cm<br \/>\n40 \u20ac + envio<\/p>\n","protected":false},"featured_media":1105,"comment_status":"closed","ping_status":"closed","template":"","meta":[],"product_brand":[],"product_cat":[81],"product_tag":[],"class_list":{"0":"post-1100","1":"product","2":"type-product","3":"status-publish","4":"has-post-thumbnail","6":"product_cat-reproducoes","7":"product_shipping_class-impressos","9":"first","10":"instock","11":"taxable","12":"shipping-taxable","13":"purchasable","14":"product-type-simple"},"_links":{"self":[{"href":"https:\/\/arteharmonia.com\/arte\/wp-json\/wp\/v2\/product\/1100","targetHints":{"allow":["GET"]}}],"collection":[{"href":"https:\/\/arteharmonia.com\/arte\/wp-json\/wp\/v2\/product"}],"about":[{"href":"https:\/\/arteharmonia.com\/arte\/wp-json\/wp\/v2\/types\/product"}],"replies":[{"embeddable":true,"href":"https:\/\/arteharmonia.com\/arte\/wp-json\/wp\/v2\/comments?post=1100"}],"version-history":[{"count":0,"href":"https:\/\/arteharmonia.com\/arte\/wp-json\/wp\/v2\/product\/1100\/revisions"}],"wp:featuredmedia":[{"embeddable":true,"href":"https:\/\/arteharmonia.com\/arte\/wp-json\/wp\/v2\/media\/1105"}],"wp:attachment":[{"href":"https:\/\/arteharmonia.com\/arte\/wp-json\/wp\/v2\/media?parent=1100"}],"wp:term":[{"taxonomy":"product_brand","embeddable":true,"href":"https:\/\/arteharmonia.com\/arte\/wp-json\/wp\/v2\/product_brand?post=1100"},{"taxonomy":"product_cat","embeddable":true,"href":"https:\/\/arteharmonia.com\/arte\/wp-json\/wp\/v2\/product_cat?post=1100"},{"taxonomy":"product_tag","embeddable":true,"href":"https:\/\/arteharmonia.com\/arte\/wp-json\/wp\/v2\/product_tag?post=1100"}],"curies":[{"name":"wp","href":"https:\/\/api.w.org\/{rel}","templated":true}]}}