{"id":1107,"date":"2020-07-09T12:27:51","date_gmt":"2020-07-09T11:27:51","guid":{"rendered":"https:\/\/arteharmonia.com\/arte\/?post_type=product&#038;p=1107"},"modified":"2023-07-21T17:53:29","modified_gmt":"2023-07-21T16:53:29","slug":"amizade","status":"publish","type":"product","link":"https:\/\/arteharmonia.com\/arte\/produto\/amizade\/","title":{"rendered":"amizade"},"content":{"rendered":"<div id=\"tab-description\" class=\"woocommerce-Tabs-panel woocommerce-Tabs-panel--description panel entry-content wc-tab\" role=\"tabpanel\" aria-labelledby=\"tab-title-description\">\n<p>Cada corpo do ser tem o seu centro coordenador, relativamente independente, mas em liga\u00e7\u00e3o com os outros centros coordenadores, principalmente com os que lhes est\u00e3o diretamente \u201cacima\u201d e abaixo\u201d\u2026<br \/>\nReprodu\u00e7\u00f5es assinadas.<\/p>\n<\/div>\n","protected":false},"excerpt":{"rendered":"<p>amizade<br \/>\ncentro coordenador do mental<br \/>\nimpresso em tela pl\u00e1stica<br \/>\n60x60cm<br \/>\n40 \u20ac + envio<\/p>\n","protected":false},"featured_media":1102,"comment_status":"closed","ping_status":"closed","template":"","meta":[],"product_brand":[],"product_cat":[81],"product_tag":[77],"class_list":{"0":"post-1107","1":"product","2":"type-product","3":"status-publish","4":"has-post-thumbnail","6":"product_cat-reproducoes","7":"product_tag-amizade","8":"product_shipping_class-impressos","10":"first","11":"instock","12":"taxable","13":"shipping-taxable","14":"purchasable","15":"product-type-simple"},"_links":{"self":[{"href":"https:\/\/arteharmonia.com\/arte\/wp-json\/wp\/v2\/product\/1107","targetHints":{"allow":["GET"]}}],"collection":[{"href":"https:\/\/arteharmonia.com\/arte\/wp-json\/wp\/v2\/product"}],"about":[{"href":"https:\/\/arteharmonia.com\/arte\/wp-json\/wp\/v2\/types\/product"}],"replies":[{"embeddable":true,"href":"https:\/\/arteharmonia.com\/arte\/wp-json\/wp\/v2\/comments?post=1107"}],"version-history":[{"count":1,"href":"https:\/\/arteharmonia.com\/arte\/wp-json\/wp\/v2\/product\/1107\/revisions"}],"predecessor-version":[{"id":2037,"href":"https:\/\/arteharmonia.com\/arte\/wp-json\/wp\/v2\/product\/1107\/revisions\/2037"}],"wp:featuredmedia":[{"embeddable":true,"href":"https:\/\/arteharmonia.com\/arte\/wp-json\/wp\/v2\/media\/1102"}],"wp:attachment":[{"href":"https:\/\/arteharmonia.com\/arte\/wp-json\/wp\/v2\/media?parent=1107"}],"wp:term":[{"taxonomy":"product_brand","embeddable":true,"href":"https:\/\/arteharmonia.com\/arte\/wp-json\/wp\/v2\/product_brand?post=1107"},{"taxonomy":"product_cat","embeddable":true,"href":"https:\/\/arteharmonia.com\/arte\/wp-json\/wp\/v2\/product_cat?post=1107"},{"taxonomy":"product_tag","embeddable":true,"href":"https:\/\/arteharmonia.com\/arte\/wp-json\/wp\/v2\/product_tag?post=1107"}],"curies":[{"name":"wp","href":"https:\/\/api.w.org\/{rel}","templated":true}]}}