{"id":1108,"date":"2020-07-09T12:28:55","date_gmt":"2020-07-09T11:28:55","guid":{"rendered":"https:\/\/arteharmonia.com\/arte\/?post_type=product&#038;p=1108"},"modified":"2024-11-18T17:50:21","modified_gmt":"2024-11-18T17:50:21","slug":"esperanca","status":"publish","type":"product","link":"https:\/\/arteharmonia.com\/arte\/produto\/esperanca\/","title":{"rendered":"esperan\u00e7a"},"content":{"rendered":"<p>Cada corpo do ser tem o seu centro coordenador, relativamente independente, mas em liga\u00e7\u00e3o com os outros centros coordenadores, principalmente com os que lhes est\u00e3o diretamente &#8220;acima&#8221; e abaixo&#8221;&#8230;<\/p>\n<p>Reprodu\u00e7\u00f5es assinadas.<\/p>\n","protected":false},"excerpt":{"rendered":"<p>esperan\u00e7a<br \/>\ncentro coordenador do intuitivo<br \/>\nlimpresso em tela pl\u00e1stica<br \/>\n60x60cm<br \/>\n40 \u20ac + envio<\/p>\n","protected":false},"featured_media":1103,"comment_status":"closed","ping_status":"closed","template":"","meta":[],"product_brand":[],"product_cat":[81],"product_tag":[],"class_list":{"0":"post-1108","1":"product","2":"type-product","3":"status-publish","4":"has-post-thumbnail","6":"product_cat-reproducoes","7":"product_shipping_class-impressos","9":"first","10":"instock","11":"taxable","12":"shipping-taxable","13":"purchasable","14":"product-type-simple"},"_links":{"self":[{"href":"https:\/\/arteharmonia.com\/arte\/wp-json\/wp\/v2\/product\/1108","targetHints":{"allow":["GET"]}}],"collection":[{"href":"https:\/\/arteharmonia.com\/arte\/wp-json\/wp\/v2\/product"}],"about":[{"href":"https:\/\/arteharmonia.com\/arte\/wp-json\/wp\/v2\/types\/product"}],"replies":[{"embeddable":true,"href":"https:\/\/arteharmonia.com\/arte\/wp-json\/wp\/v2\/comments?post=1108"}],"version-history":[{"count":1,"href":"https:\/\/arteharmonia.com\/arte\/wp-json\/wp\/v2\/product\/1108\/revisions"}],"predecessor-version":[{"id":1229,"href":"https:\/\/arteharmonia.com\/arte\/wp-json\/wp\/v2\/product\/1108\/revisions\/1229"}],"wp:featuredmedia":[{"embeddable":true,"href":"https:\/\/arteharmonia.com\/arte\/wp-json\/wp\/v2\/media\/1103"}],"wp:attachment":[{"href":"https:\/\/arteharmonia.com\/arte\/wp-json\/wp\/v2\/media?parent=1108"}],"wp:term":[{"taxonomy":"product_brand","embeddable":true,"href":"https:\/\/arteharmonia.com\/arte\/wp-json\/wp\/v2\/product_brand?post=1108"},{"taxonomy":"product_cat","embeddable":true,"href":"https:\/\/arteharmonia.com\/arte\/wp-json\/wp\/v2\/product_cat?post=1108"},{"taxonomy":"product_tag","embeddable":true,"href":"https:\/\/arteharmonia.com\/arte\/wp-json\/wp\/v2\/product_tag?post=1108"}],"curies":[{"name":"wp","href":"https:\/\/api.w.org\/{rel}","templated":true}]}}