{"id":1111,"date":"2020-07-09T12:39:19","date_gmt":"2020-07-09T11:39:19","guid":{"rendered":"https:\/\/arteharmonia.com\/arte\/?post_type=product&#038;p=1111"},"modified":"2020-07-14T22:12:24","modified_gmt":"2020-07-14T21:12:24","slug":"comunhao","status":"publish","type":"product","link":"https:\/\/arteharmonia.com\/arte\/produto\/comunhao\/","title":{"rendered":"comunh\u00e3o"},"content":{"rendered":"<p>Radiantes<br \/>\nseres vivos, de elevada consci\u00eancia, coordenadores das radia\u00e7\u00f5es c\u00f3smicas (raios)<\/p>\n","protected":false},"excerpt":{"rendered":"<p>comunh\u00e3o<\/p>\n<p>coordenador do 2\u00ba raio<\/p>\n<p>imagem digital 1600px 150dpi<\/p>\n","protected":false},"featured_media":956,"comment_status":"closed","ping_status":"closed","template":"","meta":[],"product_brand":[],"product_cat":[59],"product_tag":[],"class_list":{"0":"post-1111","1":"product","2":"type-product","3":"status-publish","4":"has-post-thumbnail","6":"product_cat-radiantes","8":"first","9":"instock","10":"downloadable","11":"virtual","12":"taxable","13":"purchasable","14":"product-type-simple"},"_links":{"self":[{"href":"https:\/\/arteharmonia.com\/arte\/wp-json\/wp\/v2\/product\/1111","targetHints":{"allow":["GET"]}}],"collection":[{"href":"https:\/\/arteharmonia.com\/arte\/wp-json\/wp\/v2\/product"}],"about":[{"href":"https:\/\/arteharmonia.com\/arte\/wp-json\/wp\/v2\/types\/product"}],"replies":[{"embeddable":true,"href":"https:\/\/arteharmonia.com\/arte\/wp-json\/wp\/v2\/comments?post=1111"}],"version-history":[{"count":1,"href":"https:\/\/arteharmonia.com\/arte\/wp-json\/wp\/v2\/product\/1111\/revisions"}],"predecessor-version":[{"id":1214,"href":"https:\/\/arteharmonia.com\/arte\/wp-json\/wp\/v2\/product\/1111\/revisions\/1214"}],"wp:featuredmedia":[{"embeddable":true,"href":"https:\/\/arteharmonia.com\/arte\/wp-json\/wp\/v2\/media\/956"}],"wp:attachment":[{"href":"https:\/\/arteharmonia.com\/arte\/wp-json\/wp\/v2\/media?parent=1111"}],"wp:term":[{"taxonomy":"product_brand","embeddable":true,"href":"https:\/\/arteharmonia.com\/arte\/wp-json\/wp\/v2\/product_brand?post=1111"},{"taxonomy":"product_cat","embeddable":true,"href":"https:\/\/arteharmonia.com\/arte\/wp-json\/wp\/v2\/product_cat?post=1111"},{"taxonomy":"product_tag","embeddable":true,"href":"https:\/\/arteharmonia.com\/arte\/wp-json\/wp\/v2\/product_tag?post=1111"}],"curies":[{"name":"wp","href":"https:\/\/api.w.org\/{rel}","templated":true}]}}