{"id":1113,"date":"2020-07-09T12:46:02","date_gmt":"2020-07-09T11:46:02","guid":{"rendered":"https:\/\/arteharmonia.com\/arte\/?post_type=product&#038;p=1113"},"modified":"2020-07-14T19:42:48","modified_gmt":"2020-07-14T18:42:48","slug":"harmonia","status":"publish","type":"product","link":"https:\/\/arteharmonia.com\/arte\/produto\/harmonia\/","title":{"rendered":"harmonia"},"content":{"rendered":"<p>Radiantes<br \/>\nseres vivos, de elevada consci\u00eancia, coordenadores das radia\u00e7\u00f5es c\u00f3smicas (raios)<\/p>\n","protected":false},"excerpt":{"rendered":"<p>harmonia<br \/>\ncoordenador do 4\u00ba raio<br \/>\nimagem digital 1600px 150dpi<\/p>\n","protected":false},"featured_media":959,"comment_status":"closed","ping_status":"closed","template":"","meta":[],"product_brand":[],"product_cat":[59],"product_tag":[],"class_list":{"0":"post-1113","1":"product","2":"type-product","3":"status-publish","4":"has-post-thumbnail","6":"product_cat-radiantes","7":"product_shipping_class-digitais","9":"first","10":"instock","11":"downloadable","12":"virtual","13":"taxable","14":"purchasable","15":"product-type-simple"},"_links":{"self":[{"href":"https:\/\/arteharmonia.com\/arte\/wp-json\/wp\/v2\/product\/1113","targetHints":{"allow":["GET"]}}],"collection":[{"href":"https:\/\/arteharmonia.com\/arte\/wp-json\/wp\/v2\/product"}],"about":[{"href":"https:\/\/arteharmonia.com\/arte\/wp-json\/wp\/v2\/types\/product"}],"replies":[{"embeddable":true,"href":"https:\/\/arteharmonia.com\/arte\/wp-json\/wp\/v2\/comments?post=1113"}],"version-history":[{"count":2,"href":"https:\/\/arteharmonia.com\/arte\/wp-json\/wp\/v2\/product\/1113\/revisions"}],"predecessor-version":[{"id":1211,"href":"https:\/\/arteharmonia.com\/arte\/wp-json\/wp\/v2\/product\/1113\/revisions\/1211"}],"wp:featuredmedia":[{"embeddable":true,"href":"https:\/\/arteharmonia.com\/arte\/wp-json\/wp\/v2\/media\/959"}],"wp:attachment":[{"href":"https:\/\/arteharmonia.com\/arte\/wp-json\/wp\/v2\/media?parent=1113"}],"wp:term":[{"taxonomy":"product_brand","embeddable":true,"href":"https:\/\/arteharmonia.com\/arte\/wp-json\/wp\/v2\/product_brand?post=1113"},{"taxonomy":"product_cat","embeddable":true,"href":"https:\/\/arteharmonia.com\/arte\/wp-json\/wp\/v2\/product_cat?post=1113"},{"taxonomy":"product_tag","embeddable":true,"href":"https:\/\/arteharmonia.com\/arte\/wp-json\/wp\/v2\/product_tag?post=1113"}],"curies":[{"name":"wp","href":"https:\/\/api.w.org\/{rel}","templated":true}]}}