{"id":1218,"date":"2020-07-14T19:58:54","date_gmt":"2020-07-14T18:58:54","guid":{"rendered":"https:\/\/arteharmonia.com\/arte\/?post_type=product&#038;p=1218"},"modified":"2020-07-14T22:11:06","modified_gmt":"2020-07-14T21:11:06","slug":"transmutacao","status":"publish","type":"product","link":"https:\/\/arteharmonia.com\/arte\/produto\/transmutacao\/","title":{"rendered":"transmuta\u00e7\u00e3o"},"content":{"rendered":"<p>Radiantes<br \/>\nseres vivos, de elevada consci\u00eancia, coordenadores das radia\u00e7\u00f5es c\u00f3smicas (raios)<\/p>\n","protected":false},"excerpt":{"rendered":"<p>transmuta\u00e7\u00e3o<\/p>\n<p>coordenador do 7\u00ba raio<\/p>\n<p>imagem digital 1600px 150dpi<\/p>\n","protected":false},"featured_media":960,"comment_status":"closed","ping_status":"closed","template":"","meta":[],"product_brand":[],"product_cat":[59],"product_tag":[],"class_list":{"0":"post-1218","1":"product","2":"type-product","3":"status-publish","4":"has-post-thumbnail","6":"product_cat-radiantes","8":"first","9":"instock","10":"downloadable","11":"virtual","12":"taxable","13":"purchasable","14":"product-type-simple"},"_links":{"self":[{"href":"https:\/\/arteharmonia.com\/arte\/wp-json\/wp\/v2\/product\/1218","targetHints":{"allow":["GET"]}}],"collection":[{"href":"https:\/\/arteharmonia.com\/arte\/wp-json\/wp\/v2\/product"}],"about":[{"href":"https:\/\/arteharmonia.com\/arte\/wp-json\/wp\/v2\/types\/product"}],"replies":[{"embeddable":true,"href":"https:\/\/arteharmonia.com\/arte\/wp-json\/wp\/v2\/comments?post=1218"}],"version-history":[{"count":1,"href":"https:\/\/arteharmonia.com\/arte\/wp-json\/wp\/v2\/product\/1218\/revisions"}],"predecessor-version":[{"id":1219,"href":"https:\/\/arteharmonia.com\/arte\/wp-json\/wp\/v2\/product\/1218\/revisions\/1219"}],"wp:featuredmedia":[{"embeddable":true,"href":"https:\/\/arteharmonia.com\/arte\/wp-json\/wp\/v2\/media\/960"}],"wp:attachment":[{"href":"https:\/\/arteharmonia.com\/arte\/wp-json\/wp\/v2\/media?parent=1218"}],"wp:term":[{"taxonomy":"product_brand","embeddable":true,"href":"https:\/\/arteharmonia.com\/arte\/wp-json\/wp\/v2\/product_brand?post=1218"},{"taxonomy":"product_cat","embeddable":true,"href":"https:\/\/arteharmonia.com\/arte\/wp-json\/wp\/v2\/product_cat?post=1218"},{"taxonomy":"product_tag","embeddable":true,"href":"https:\/\/arteharmonia.com\/arte\/wp-json\/wp\/v2\/product_tag?post=1218"}],"curies":[{"name":"wp","href":"https:\/\/api.w.org\/{rel}","templated":true}]}}