{"id":1232,"date":"2020-07-14T22:30:09","date_gmt":"2020-07-14T21:30:09","guid":{"rendered":"https:\/\/arteharmonia.com\/arte\/?post_type=product&#038;p=1232"},"modified":"2020-07-14T22:51:58","modified_gmt":"2020-07-14T21:51:58","slug":"esperanca-1","status":"publish","type":"product","link":"https:\/\/arteharmonia.com\/arte\/produto\/esperanca-1\/","title":{"rendered":"esperan\u00e7a"},"content":{"rendered":"<p>Centros Coordenadores<br \/>\nCada corpo do ser tem o seu centro coordenador, relativamente independente, mas em liga\u00e7\u00e3o com os outros centros coordenadores, principalmente com os que lhes est\u00e3o diretamente &#8220;acima&#8221; e abaixo&#8221;&#8230;<\/p>\n","protected":false},"excerpt":{"rendered":"<p>centro coordenador do intuitivo<\/p>\n<p>imagem digital 1600px 150dpi<\/p>\n","protected":false},"featured_media":912,"comment_status":"closed","ping_status":"closed","template":"","meta":[],"product_brand":[],"product_cat":[57],"product_tag":[84,85],"class_list":{"0":"post-1232","1":"product","2":"type-product","3":"status-publish","4":"has-post-thumbnail","6":"product_cat-centros-coordenadores","7":"product_tag-centros-coordenadores","8":"product_tag-esperanca","10":"first","11":"instock","12":"downloadable","13":"virtual","14":"taxable","15":"purchasable","16":"product-type-simple"},"_links":{"self":[{"href":"https:\/\/arteharmonia.com\/arte\/wp-json\/wp\/v2\/product\/1232","targetHints":{"allow":["GET"]}}],"collection":[{"href":"https:\/\/arteharmonia.com\/arte\/wp-json\/wp\/v2\/product"}],"about":[{"href":"https:\/\/arteharmonia.com\/arte\/wp-json\/wp\/v2\/types\/product"}],"replies":[{"embeddable":true,"href":"https:\/\/arteharmonia.com\/arte\/wp-json\/wp\/v2\/comments?post=1232"}],"version-history":[{"count":2,"href":"https:\/\/arteharmonia.com\/arte\/wp-json\/wp\/v2\/product\/1232\/revisions"}],"predecessor-version":[{"id":1243,"href":"https:\/\/arteharmonia.com\/arte\/wp-json\/wp\/v2\/product\/1232\/revisions\/1243"}],"wp:featuredmedia":[{"embeddable":true,"href":"https:\/\/arteharmonia.com\/arte\/wp-json\/wp\/v2\/media\/912"}],"wp:attachment":[{"href":"https:\/\/arteharmonia.com\/arte\/wp-json\/wp\/v2\/media?parent=1232"}],"wp:term":[{"taxonomy":"product_brand","embeddable":true,"href":"https:\/\/arteharmonia.com\/arte\/wp-json\/wp\/v2\/product_brand?post=1232"},{"taxonomy":"product_cat","embeddable":true,"href":"https:\/\/arteharmonia.com\/arte\/wp-json\/wp\/v2\/product_cat?post=1232"},{"taxonomy":"product_tag","embeddable":true,"href":"https:\/\/arteharmonia.com\/arte\/wp-json\/wp\/v2\/product_tag?post=1232"}],"curies":[{"name":"wp","href":"https:\/\/api.w.org\/{rel}","templated":true}]}}