{"id":1491,"date":"2020-07-18T13:11:36","date_gmt":"2020-07-18T12:11:36","guid":{"rendered":"https:\/\/arteharmonia.com\/arte\/?post_type=product&#038;p=1491"},"modified":"2020-07-18T13:20:21","modified_gmt":"2020-07-18T12:20:21","slug":"irradiando","status":"publish","type":"product","link":"https:\/\/arteharmonia.com\/arte\/produto\/irradiando\/","title":{"rendered":"irradiando"},"content":{"rendered":"<p>A ordem c\u00f3smica reorganizando o caos atrav\u00e9s da geometria<\/p>\n<p>As imagens deste tema &#8220;caos-cosmos&#8221; podem exercer uma influ\u00eancia ben\u00e9fica sobre quem as observa, pois estimulam v\u00e1rios componentes do ser a reorganizarem-se segundo uma ordem superior.<\/p>\n","protected":false},"excerpt":{"rendered":"<p>irradiando<br \/>\ntema caos-cosmos<br \/>\nacr\u00edlico sobre platex<br \/>\n60x60cm<br \/>\noriginal indispon\u00edvel<br \/>\ndigital 1600px 150dpi 1\u20ac<\/p>\n","protected":false},"featured_media":1001,"comment_status":"closed","ping_status":"closed","template":"","meta":[],"product_brand":[],"product_cat":[56],"product_tag":[132,149,130,131],"class_list":{"0":"post-1491","1":"product","2":"type-product","3":"status-publish","4":"has-post-thumbnail","6":"product_cat-caos-cosmos","7":"product_tag-caos-cosmos","8":"product_tag-irradiando","9":"product_tag-original","10":"product_tag-quadro","12":"first","13":"instock","14":"downloadable","15":"virtual","16":"taxable","17":"purchasable","18":"product-type-simple"},"_links":{"self":[{"href":"https:\/\/arteharmonia.com\/arte\/wp-json\/wp\/v2\/product\/1491","targetHints":{"allow":["GET"]}}],"collection":[{"href":"https:\/\/arteharmonia.com\/arte\/wp-json\/wp\/v2\/product"}],"about":[{"href":"https:\/\/arteharmonia.com\/arte\/wp-json\/wp\/v2\/types\/product"}],"replies":[{"embeddable":true,"href":"https:\/\/arteharmonia.com\/arte\/wp-json\/wp\/v2\/comments?post=1491"}],"version-history":[{"count":1,"href":"https:\/\/arteharmonia.com\/arte\/wp-json\/wp\/v2\/product\/1491\/revisions"}],"predecessor-version":[{"id":1493,"href":"https:\/\/arteharmonia.com\/arte\/wp-json\/wp\/v2\/product\/1491\/revisions\/1493"}],"wp:featuredmedia":[{"embeddable":true,"href":"https:\/\/arteharmonia.com\/arte\/wp-json\/wp\/v2\/media\/1001"}],"wp:attachment":[{"href":"https:\/\/arteharmonia.com\/arte\/wp-json\/wp\/v2\/media?parent=1491"}],"wp:term":[{"taxonomy":"product_brand","embeddable":true,"href":"https:\/\/arteharmonia.com\/arte\/wp-json\/wp\/v2\/product_brand?post=1491"},{"taxonomy":"product_cat","embeddable":true,"href":"https:\/\/arteharmonia.com\/arte\/wp-json\/wp\/v2\/product_cat?post=1491"},{"taxonomy":"product_tag","embeddable":true,"href":"https:\/\/arteharmonia.com\/arte\/wp-json\/wp\/v2\/product_tag?post=1491"}],"curies":[{"name":"wp","href":"https:\/\/api.w.org\/{rel}","templated":true}]}}