{"id":1505,"date":"2020-07-18T14:47:01","date_gmt":"2020-07-18T13:47:01","guid":{"rendered":"https:\/\/arteharmonia.com\/arte\/?post_type=product&#038;p=1505"},"modified":"2020-07-18T14:49:25","modified_gmt":"2020-07-18T13:49:25","slug":"imaculadaconceicao_g_b","status":"publish","type":"product","link":"https:\/\/arteharmonia.com\/arte\/produto\/imaculadaconceicao_g_b\/","title":{"rendered":"imaculada conce\u00e7\u00e3o &#8211; geometria"},"content":{"rendered":"<p>Imaculada Concep\u00e7\u00e3o<\/p>\n<p>na entrada do espa\u00e7o<br \/>\nno in\u00edcio do tempo<br \/>\nsurge o movimento<br \/>\nem turbilh\u00e3o<br \/>\nprovindo da eternidade<br \/>\nalgo se mostra e \u00e9 belo<br \/>\no infinito se limita<br \/>\npara o absoluto se manifestar<br \/>\nmaravilha<br \/>\nsurge<br \/>\nna relatividade do parecer a realidade<br \/>\nna relatividade do viver a vida<br \/>\nna relatividade do estar o ser<br \/>\nna relatividade do ter a d\u00e1diva<br \/>\nna entrada do espa\u00e7o<br \/>\nno in\u00edcio do tempo<br \/>\ndo ponto c\u00f3smico<br \/>\nsurge surgiu surgir\u00e1<br \/>\na crian\u00e7a<br \/>\nuniverso<br \/>\nesfera de luz<br \/>\nplenitude de amor<\/p>\n","protected":false},"excerpt":{"rendered":"<p>original indispon\u00edvel<br \/>\ndigital 1600px 150dpi<\/p>\n","protected":false},"featured_media":999,"comment_status":"closed","ping_status":"closed","template":"","meta":[],"product_brand":[],"product_cat":[61],"product_tag":[153,152,151,130,74,131],"class_list":{"0":"post-1505","1":"product","2":"type-product","3":"status-publish","4":"has-post-thumbnail","6":"product_cat-pinturas-diversas","7":"product_tag-geometria","8":"product_tag-imaculada-concecao","9":"product_tag-imaculadaconcecao","10":"product_tag-original","11":"product_tag-pintura","12":"product_tag-quadro","14":"first","15":"instock","16":"downloadable","17":"virtual","18":"taxable","19":"purchasable","20":"product-type-simple"},"_links":{"self":[{"href":"https:\/\/arteharmonia.com\/arte\/wp-json\/wp\/v2\/product\/1505","targetHints":{"allow":["GET"]}}],"collection":[{"href":"https:\/\/arteharmonia.com\/arte\/wp-json\/wp\/v2\/product"}],"about":[{"href":"https:\/\/arteharmonia.com\/arte\/wp-json\/wp\/v2\/types\/product"}],"replies":[{"embeddable":true,"href":"https:\/\/arteharmonia.com\/arte\/wp-json\/wp\/v2\/comments?post=1505"}],"version-history":[{"count":1,"href":"https:\/\/arteharmonia.com\/arte\/wp-json\/wp\/v2\/product\/1505\/revisions"}],"predecessor-version":[{"id":1506,"href":"https:\/\/arteharmonia.com\/arte\/wp-json\/wp\/v2\/product\/1505\/revisions\/1506"}],"wp:featuredmedia":[{"embeddable":true,"href":"https:\/\/arteharmonia.com\/arte\/wp-json\/wp\/v2\/media\/999"}],"wp:attachment":[{"href":"https:\/\/arteharmonia.com\/arte\/wp-json\/wp\/v2\/media?parent=1505"}],"wp:term":[{"taxonomy":"product_brand","embeddable":true,"href":"https:\/\/arteharmonia.com\/arte\/wp-json\/wp\/v2\/product_brand?post=1505"},{"taxonomy":"product_cat","embeddable":true,"href":"https:\/\/arteharmonia.com\/arte\/wp-json\/wp\/v2\/product_cat?post=1505"},{"taxonomy":"product_tag","embeddable":true,"href":"https:\/\/arteharmonia.com\/arte\/wp-json\/wp\/v2\/product_tag?post=1505"}],"curies":[{"name":"wp","href":"https:\/\/api.w.org\/{rel}","templated":true}]}}