{"id":1515,"date":"2020-07-18T15:09:06","date_gmt":"2020-07-18T14:09:06","guid":{"rendered":"https:\/\/arteharmonia.com\/arte\/?post_type=product&#038;p=1515"},"modified":"2020-07-18T15:10:31","modified_gmt":"2020-07-18T14:10:31","slug":"res-nau","status":"publish","type":"product","link":"https:\/\/arteharmonia.com\/arte\/produto\/res-nau\/","title":{"rendered":"ressurgimento da \u00faltima nau &#8211; espelho"},"content":{"rendered":"<p>Ressurgimento da \u00daltima Nau<\/p>\n<p>&#8220;Levando a bordo El-Rei &#8230;<br \/>\nE erguendo, como um nome, alto o pend\u00e3o<br \/>\nDo Imp\u00e9rio,<br \/>\nFoi-se a \u00faltima nau, &#8230;<br \/>\n&#8230; A que ilha indescoberta<br \/>\nAportou? &#8230;<br \/>\nQue costas \u00e9 que as ondas contam<br \/>\nE se n\u00e3o pode encontrar<br \/>\nPor mais naus que haja no mar? &#8230;<br \/>\nQue voz vem no som das ondas<br \/>\nQue n\u00e3o \u00e9 a voz do mar? &#8230;<br \/>\nHaver\u00e1 rasg\u00f5es no espa\u00e7o<br \/>\nQue d\u00eaem para outro lado, &#8230;<br \/>\nE que, &#8230;<br \/>\nAqui&#8230;<br \/>\nSurja uma ilha velada, &#8230;<br \/>\nQue guarda o Rei desterrado<br \/>\nEm sua vida encantada? &#8230;<\/p>\n<p>S\u00e3o ilhas afortunadas,<br \/>\nS\u00e3o terras sem ter lugar,<br \/>\nOnde o Rei mora esperando&#8230;<\/p>\n<p>O mostrengo que est\u00e1 no fim do mar<br \/>\nVeio das trevas a procurar<br \/>\nA madrugada do novo dia,&#8230;<br \/>\n&#8230; Rodou e foi-se o mostrengo servo<br \/>\nQue seu senhor veio aqui buscar<br \/>\nChamar aquele que est\u00e1 dormindo<br \/>\n&#8230; (Que \u00e2nsia distante perto chora?).<\/p>\n<p>Procurei-te<br \/>\nSim procurei-te<br \/>\nProcurei-te em tudo<br \/>\nProcurei-te em todos<br \/>\nNo espa\u00e7o e para al\u00e9m do espa\u00e7o<br \/>\nNo tempo e para al\u00e9m do tempo<br \/>\nEm todos os movimentos<br \/>\nE na quietude<br \/>\nTe procurei<\/p>\n<p>Procurei-te no ouro da terra<br \/>\nNa verde \u00e1gua<br \/>\nNo azul do ar<br \/>\nNo fogo encarnado<br \/>\nNos quatro elementos<br \/>\nE nas tr\u00eas ess\u00eancias<\/p>\n<p>Procurei-te em todas as formas<br \/>\nEm todos os seres<br \/>\nProcurei-te no equil\u00edbrio dos astros<br \/>\nNa ecologia da Terra<br \/>\nNo centro do \u00e1tomo<br \/>\nProcurei-te na geometria viva do cristal<br \/>\nNa alma solar do vegetal<br \/>\nNo esp\u00edrito universal do animal<\/p>\n<p>Procurei-te na intelig\u00eancia da pomba<br \/>\nNo amor do cavalo<br \/>\nNa vontade do c\u00e3o<br \/>\nNa harmonia do homem<\/p>\n<p>Procurei-te<\/p>\n<p>E em todos<br \/>\nE em tudo<br \/>\nTe encontrei<\/p>\n<p>&#8220;E em mim, num mar que n\u00e3o tem tempo ou espa\u00e7o,<br \/>\nVejo entre a serra\u00e7\u00e3o teu vulto ba\u00e7o<br \/>\nQue torna &#8230;<\/p>\n<p>&#8230; \u00c9 a hora!<br \/>\n&#8230; ergue-te do fundo de n\u00e3o seres<br \/>\nPara teu novo fado!<br \/>\nVem, Galaaz com p\u00e1tria, erguer de novo,<br \/>\nMas j\u00e1 no auge da suprema prova,<\/p>\n<p>A alma penitente de teu povo<br \/>\n\u00c0 Eucaristia Nova.<\/p>\n<p>Mestre da Paz, ergue teu gl\u00e1dio ungido,<br \/>\nExcalibur do Fim, em jeito tal<br \/>\nQue sua luz ao mundo dividido<br \/>\nRevele o Santo Gral!<\/p>\n<p>Com duas m\u00e3os &#8211; o Acto e o Destino<br \/>\nDesvend\u00e1mos. No mesmo gesto ao C\u00e9u<br \/>\nUma ergue o facho tr\u00e9mulo e divino<br \/>\nE a outra afasta o v\u00e9u<br \/>\nQue s\u00edmbolo fecundo<br \/>\nVem na aurora ansiosa?<br \/>\nQue s\u00edmbolo divino<br \/>\nTraz o dia j\u00e1 visto?<br \/>\nQue s\u00edmbolo final<br \/>\nMostra o sol j\u00e1 desperto? &#8230;<br \/>\nMist\u00e9rio.<\/p>\n<p>Que as for\u00e7as cegas se domem<br \/>\nPela vis\u00e3o que a alma tem! &#8230;<\/p>\n<p>Surges ao sol em mim, e a n\u00e9voa finda:<br \/>\nA mesma, e trazes o pend\u00e3o ainda<br \/>\nDo Imp\u00e9rio&#8230;&#8221;<\/p>\n<p>(com extractos da &#8220;MENSAGEM&#8221; de Fernando Pessoa)<\/p>\n","protected":false},"excerpt":{"rendered":"<p>original indispon\u00edvel<br \/>\ndigital 1600px 150dpi<\/p>\n","protected":false},"featured_media":1005,"comment_status":"closed","ping_status":"closed","template":"","meta":[],"product_brand":[],"product_cat":[61],"product_tag":[130,74,131,155],"class_list":{"0":"post-1515","1":"product","2":"type-product","3":"status-publish","4":"has-post-thumbnail","6":"product_cat-pinturas-diversas","7":"product_tag-original","8":"product_tag-pintura","9":"product_tag-quadro","10":"product_tag-ressurgimento-da-ultima-nau","12":"first","13":"instock","14":"downloadable","15":"virtual","16":"taxable","17":"purchasable","18":"product-type-simple"},"_links":{"self":[{"href":"https:\/\/arteharmonia.com\/arte\/wp-json\/wp\/v2\/product\/1515","targetHints":{"allow":["GET"]}}],"collection":[{"href":"https:\/\/arteharmonia.com\/arte\/wp-json\/wp\/v2\/product"}],"about":[{"href":"https:\/\/arteharmonia.com\/arte\/wp-json\/wp\/v2\/types\/product"}],"replies":[{"embeddable":true,"href":"https:\/\/arteharmonia.com\/arte\/wp-json\/wp\/v2\/comments?post=1515"}],"version-history":[{"count":2,"href":"https:\/\/arteharmonia.com\/arte\/wp-json\/wp\/v2\/product\/1515\/revisions"}],"predecessor-version":[{"id":1518,"href":"https:\/\/arteharmonia.com\/arte\/wp-json\/wp\/v2\/product\/1515\/revisions\/1518"}],"wp:featuredmedia":[{"embeddable":true,"href":"https:\/\/arteharmonia.com\/arte\/wp-json\/wp\/v2\/media\/1005"}],"wp:attachment":[{"href":"https:\/\/arteharmonia.com\/arte\/wp-json\/wp\/v2\/media?parent=1515"}],"wp:term":[{"taxonomy":"product_brand","embeddable":true,"href":"https:\/\/arteharmonia.com\/arte\/wp-json\/wp\/v2\/product_brand?post=1515"},{"taxonomy":"product_cat","embeddable":true,"href":"https:\/\/arteharmonia.com\/arte\/wp-json\/wp\/v2\/product_cat?post=1515"},{"taxonomy":"product_tag","embeddable":true,"href":"https:\/\/arteharmonia.com\/arte\/wp-json\/wp\/v2\/product_tag?post=1515"}],"curies":[{"name":"wp","href":"https:\/\/api.w.org\/{rel}","templated":true}]}}