{"id":1803,"date":"2020-11-13T10:05:00","date_gmt":"2020-11-13T10:05:00","guid":{"rendered":"https:\/\/arteharmonia.com\/arte\/?post_type=product&#038;p=1803"},"modified":"2023-07-21T17:45:50","modified_gmt":"2023-07-21T16:45:50","slug":"adaptando","status":"publish","type":"product","link":"https:\/\/arteharmonia.com\/arte\/produto\/adaptando\/","title":{"rendered":"adaptando"},"content":{"rendered":"<p>A ordem c\u00f3smica reorganizando o caos atrav\u00e9s da geometria.<br \/>\nAs imagens deste tema &#8220;caos-cosmos&#8221; podem exercer uma influ\u00eancia ben\u00e9fica sobre quem as observa, pois estimulam v\u00e1rios componentes do ser a reorganizarem-se segundo uma ordem superior. Os quadros originais est\u00e3o impregnados dessa inten\u00e7\u00e3o e os seus nomes est\u00e3o baseados no conhecimento numerol\u00f3gico.<\/p>\n","protected":false},"excerpt":{"rendered":"<p><span class=\"upload-error-filename\">adaptando<\/span><br \/>\ntema caos-cosmos<br \/>\nacr\u00edlico sobre tela 3D<br \/>\n60x60cm<\/p>\n","protected":false},"featured_media":1804,"comment_status":"closed","ping_status":"closed","template":"","meta":[],"product_brand":[],"product_cat":[56],"product_tag":[182,132],"class_list":{"0":"post-1803","1":"product","2":"type-product","3":"status-publish","4":"has-post-thumbnail","6":"product_cat-caos-cosmos","7":"product_tag-adaptando","8":"product_tag-caos-cosmos","9":"product_shipping_class-originais","11":"first","12":"instock","13":"taxable","14":"shipping-taxable","15":"purchasable","16":"product-type-simple"},"_links":{"self":[{"href":"https:\/\/arteharmonia.com\/arte\/wp-json\/wp\/v2\/product\/1803","targetHints":{"allow":["GET"]}}],"collection":[{"href":"https:\/\/arteharmonia.com\/arte\/wp-json\/wp\/v2\/product"}],"about":[{"href":"https:\/\/arteharmonia.com\/arte\/wp-json\/wp\/v2\/types\/product"}],"replies":[{"embeddable":true,"href":"https:\/\/arteharmonia.com\/arte\/wp-json\/wp\/v2\/comments?post=1803"}],"version-history":[{"count":2,"href":"https:\/\/arteharmonia.com\/arte\/wp-json\/wp\/v2\/product\/1803\/revisions"}],"predecessor-version":[{"id":1904,"href":"https:\/\/arteharmonia.com\/arte\/wp-json\/wp\/v2\/product\/1803\/revisions\/1904"}],"wp:featuredmedia":[{"embeddable":true,"href":"https:\/\/arteharmonia.com\/arte\/wp-json\/wp\/v2\/media\/1804"}],"wp:attachment":[{"href":"https:\/\/arteharmonia.com\/arte\/wp-json\/wp\/v2\/media?parent=1803"}],"wp:term":[{"taxonomy":"product_brand","embeddable":true,"href":"https:\/\/arteharmonia.com\/arte\/wp-json\/wp\/v2\/product_brand?post=1803"},{"taxonomy":"product_cat","embeddable":true,"href":"https:\/\/arteharmonia.com\/arte\/wp-json\/wp\/v2\/product_cat?post=1803"},{"taxonomy":"product_tag","embeddable":true,"href":"https:\/\/arteharmonia.com\/arte\/wp-json\/wp\/v2\/product_tag?post=1803"}],"curies":[{"name":"wp","href":"https:\/\/api.w.org\/{rel}","templated":true}]}}