{"id":1887,"date":"2021-07-02T18:31:05","date_gmt":"2021-07-02T17:31:05","guid":{"rendered":"https:\/\/arteharmonia.com\/arte\/?post_type=product&#038;p=1887"},"modified":"2022-10-27T19:18:33","modified_gmt":"2022-10-27T18:18:33","slug":"entendendo-2","status":"publish","type":"product","link":"https:\/\/arteharmonia.com\/arte\/produto\/entendendo-2\/","title":{"rendered":"entendendo"},"content":{"rendered":"<p>A ordem c\u00f3smica reorganizando o caos atrav\u00e9s da geometria.<br \/>\nAs imagens deste tema &#8220;caos-cosmos&#8221; podem exercer uma influ\u00eancia ben\u00e9fica sobre quem as observa, pois estimulam v\u00e1rios componentes do ser a reorganizarem-se segundo uma ordem superior. Os quadros originais est\u00e3o impregnados dessa inten\u00e7\u00e3o e os seus nomes est\u00e3o baseados no conhecimento numerol\u00f3gico.<\/p>\n<p>Uma obra de arte \u00e9 mais que um objeto, \u00e9, em certa medida, a proje\u00e7\u00e3o da alma do artista, que atravessa v\u00e1rias dimens\u00f5es, para se manifestar, imprimindo significado \u00e0 &#8216;mat\u00e9ria&#8217;&#8230;<\/p>\n","protected":false},"excerpt":{"rendered":"<p>entendendo<br \/>\ntema caos-cosmos<br \/>\noriginal indispon\u00edvel<br \/>\ndigital 3000 x 3000 px 150 dpi<\/p>\n","protected":false},"featured_media":1879,"comment_status":"closed","ping_status":"closed","template":"","meta":[],"product_brand":[],"product_cat":[56],"product_tag":[180,132],"class_list":{"0":"post-1887","1":"product","2":"type-product","3":"status-publish","4":"has-post-thumbnail","6":"product_cat-caos-cosmos","7":"product_tag-amando","8":"product_tag-caos-cosmos","9":"product_shipping_class-originais","11":"first","12":"instock","13":"virtual","14":"purchasable","15":"product-type-simple"},"_links":{"self":[{"href":"https:\/\/arteharmonia.com\/arte\/wp-json\/wp\/v2\/product\/1887","targetHints":{"allow":["GET"]}}],"collection":[{"href":"https:\/\/arteharmonia.com\/arte\/wp-json\/wp\/v2\/product"}],"about":[{"href":"https:\/\/arteharmonia.com\/arte\/wp-json\/wp\/v2\/types\/product"}],"replies":[{"embeddable":true,"href":"https:\/\/arteharmonia.com\/arte\/wp-json\/wp\/v2\/comments?post=1887"}],"version-history":[{"count":4,"href":"https:\/\/arteharmonia.com\/arte\/wp-json\/wp\/v2\/product\/1887\/revisions"}],"predecessor-version":[{"id":2004,"href":"https:\/\/arteharmonia.com\/arte\/wp-json\/wp\/v2\/product\/1887\/revisions\/2004"}],"wp:featuredmedia":[{"embeddable":true,"href":"https:\/\/arteharmonia.com\/arte\/wp-json\/wp\/v2\/media\/1879"}],"wp:attachment":[{"href":"https:\/\/arteharmonia.com\/arte\/wp-json\/wp\/v2\/media?parent=1887"}],"wp:term":[{"taxonomy":"product_brand","embeddable":true,"href":"https:\/\/arteharmonia.com\/arte\/wp-json\/wp\/v2\/product_brand?post=1887"},{"taxonomy":"product_cat","embeddable":true,"href":"https:\/\/arteharmonia.com\/arte\/wp-json\/wp\/v2\/product_cat?post=1887"},{"taxonomy":"product_tag","embeddable":true,"href":"https:\/\/arteharmonia.com\/arte\/wp-json\/wp\/v2\/product_tag?post=1887"}],"curies":[{"name":"wp","href":"https:\/\/api.w.org\/{rel}","templated":true}]}}